{"id":1212,"date":"2023-05-22T17:05:04","date_gmt":"2023-05-22T15:05:04","guid":{"rendered":"https:\/\/ecolieulabernarde.com\/?page_id=1212"},"modified":"2024-04-13T14:53:34","modified_gmt":"2024-04-13T12:53:34","slug":"nous-contacter","status":"publish","type":"page","link":"https:\/\/ecolieulabernarde.com\/en\/nous-contacter\/","title":{"rendered":"Contact &amp; access"},"content":{"rendered":"<div data-elementor-type=\"wp-page\" data-elementor-id=\"1212\" class=\"elementor elementor-1212\" data-elementor-post-type=\"page\">\n\t\t\t\t<div class=\"elementor-element elementor-element-5a34035 e-con-full e-flex e-con e-parent\" data-id=\"5a34035\" data-element_type=\"container\" data-e-type=\"container\" data-settings=\"{&quot;background_background&quot;:&quot;classic&quot;}\">\n\t\t<div class=\"elementor-element elementor-element-49df119 e-con-full e-flex e-con e-child\" data-id=\"49df119\" data-element_type=\"container\" data-e-type=\"container\" data-settings=\"{&quot;background_background&quot;:&quot;classic&quot;}\">\n\t\t\t\t<div class=\"elementor-element elementor-element-1a245f1 animated-slow elementor-invisible elementor-widget elementor-widget-heading\" data-id=\"1a245f1\" data-element_type=\"widget\" data-e-type=\"widget\" data-settings=\"{&quot;_animation&quot;:&quot;fadeIn&quot;}\" data-widget_type=\"heading.default\">\n\t\t\t\t<div class=\"elementor-widget-container\">\n\t\t\t\t\t<h1 class=\"elementor-heading-title elementor-size-default\">CONTACT &amp; ACC\u00c8S<\/h1>\t\t\t\t<\/div>\n\t\t\t\t<\/div>\n\t\t\t\t<\/div>\n\t\t\t\t<\/div>\n\t\t<div class=\"elementor-element elementor-element-7f5d37f e-flex e-con-boxed e-con e-parent\" data-id=\"7f5d37f\" data-element_type=\"container\" data-e-type=\"container\" data-settings=\"{&quot;background_background&quot;:&quot;classic&quot;}\">\n\t\t\t\t\t<div class=\"e-con-inner\">\n\t\t<div class=\"elementor-element elementor-element-ba44674 e-con-full e-flex e-con e-child\" data-id=\"ba44674\" data-element_type=\"container\" data-e-type=\"container\" data-settings=\"{&quot;background_background&quot;:&quot;classic&quot;}\">\n\t\t\t\t<div class=\"elementor-element elementor-element-7ad16f7 elementor-widget elementor-widget-heading\" data-id=\"7ad16f7\" data-element_type=\"widget\" data-e-type=\"widget\" data-widget_type=\"heading.default\">\n\t\t\t\t<div class=\"elementor-widget-container\">\n\t\t\t\t\t<h2 class=\"elementor-heading-title elementor-size-default\">Contact<\/h2>\t\t\t\t<\/div>\n\t\t\t\t<\/div>\n\t\t\t\t<div class=\"elementor-element elementor-element-92f238f elementor-invisible elementor-widget elementor-widget-image\" data-id=\"92f238f\" data-element_type=\"widget\" data-e-type=\"widget\" data-settings=\"{&quot;_animation&quot;:&quot;fadeInDown&quot;}\" data-widget_type=\"image.default\">\n\t\t\t\t<div class=\"elementor-widget-container\">\n\t\t\t\t\t\t\t\t\t\t\t\t\t\t\t<img decoding=\"async\" width=\"68\" height=\"63\" src=\"https:\/\/ecolieulabernarde.com\/wp-content\/uploads\/2023\/05\/fleurseule.png\" class=\"attachment-full size-full wp-image-21\" alt=\"\" \/>\t\t\t\t\t\t\t\t\t\t\t\t\t\t\t<\/div>\n\t\t\t\t<\/div>\n\t\t\t\t<div class=\"elementor-element elementor-element-bfd8d86 elementor-widget elementor-widget-text-editor\" data-id=\"bfd8d86\" data-element_type=\"widget\" data-e-type=\"widget\" data-widget_type=\"text-editor.default\">\n\t\t\t\t<div class=\"elementor-widget-container\">\n\t\t\t\t\t\t\t\t\t<p>To make a reservation, please contact us by telephone, e-mail or via the contact form below:<\/p>\t\t\t\t\t\t\t\t<\/div>\n\t\t\t\t<\/div>\n\t\t<div class=\"elementor-element elementor-element-e249105 e-flex e-con-boxed e-con e-child\" data-id=\"e249105\" data-element_type=\"container\" data-e-type=\"container\">\n\t\t\t\t\t<div class=\"e-con-inner\">\n\t\t<div class=\"elementor-element elementor-element-09486da e-con-full e-flex e-con e-child\" data-id=\"09486da\" data-element_type=\"container\" data-e-type=\"container\">\n\t\t\t\t<div class=\"elementor-element elementor-element-d86b740 elementor-view-stacked elementor-shape-circle elementor-position-block-start elementor-mobile-position-block-start elementor-widget elementor-widget-icon-box\" data-id=\"d86b740\" data-element_type=\"widget\" data-e-type=\"widget\" data-widget_type=\"icon-box.default\">\n\t\t\t\t<div class=\"elementor-widget-container\">\n\t\t\t\t\t\t\t<div class=\"elementor-icon-box-wrapper\">\n\n\t\t\t\t\t\t<div class=\"elementor-icon-box-icon\">\n\t\t\t\t<span  class=\"elementor-icon\">\n\t\t\t\t<svg aria-hidden=\"true\" class=\"e-font-icon-svg e-fas-phone-alt\" viewbox=\"0 0 512 512\" xmlns=\"http:\/\/www.w3.org\/2000\/svg\"><path d=\"M497.39 361.8l-112-48a24 24 0 0 0-28 6.9l-49.6 60.6A370.66 370.66 0 0 1 130.6 204.11l60.6-49.6a23.94 23.94 0 0 0 6.9-28l-48-112A24.16 24.16 0 0 0 122.6.61l-104 24A24 24 0 0 0 0 48c0 256.5 207.9 464 464 464a24 24 0 0 0 23.4-18.6l24-104a24.29 24.29 0 0 0-14.01-27.6z\"><\/path><\/svg>\t\t\t\t<\/span>\n\t\t\t<\/div>\n\t\t\t\n\t\t\t\t\t\t<div class=\"elementor-icon-box-content\">\n\n\t\t\t\t\t\t\t\t\t<h6 class=\"elementor-icon-box-title\">\n\t\t\t\t\t\t<span  >\n\t\t\t\t\t\t\t06 27 19 73 01\t\t\t\t\t\t<\/span>\n\t\t\t\t\t<\/h6>\n\t\t\t\t\n\t\t\t\t\n\t\t\t<\/div>\n\t\t\t\n\t\t<\/div>\n\t\t\t\t\t\t<\/div>\n\t\t\t\t<\/div>\n\t\t\t\t<\/div>\n\t\t<div class=\"elementor-element elementor-element-8fa2db8 e-con-full e-flex e-con e-child\" data-id=\"8fa2db8\" data-element_type=\"container\" data-e-type=\"container\">\n\t\t\t\t<div class=\"elementor-element elementor-element-b8784a3 elementor-view-stacked elementor-shape-circle elementor-position-block-start elementor-mobile-position-block-start elementor-widget elementor-widget-icon-box\" data-id=\"b8784a3\" data-element_type=\"widget\" data-e-type=\"widget\" data-widget_type=\"icon-box.default\">\n\t\t\t\t<div class=\"elementor-widget-container\">\n\t\t\t\t\t\t\t<div class=\"elementor-icon-box-wrapper\">\n\n\t\t\t\t\t\t<div class=\"elementor-icon-box-icon\">\n\t\t\t\t<span  class=\"elementor-icon\">\n\t\t\t\t<svg aria-hidden=\"true\" class=\"e-font-icon-svg e-fas-envelope\" viewbox=\"0 0 512 512\" xmlns=\"http:\/\/www.w3.org\/2000\/svg\"><path d=\"M502.3 190.8c3.9-3.1 9.7-.2 9.7 4.7V400c0 26.5-21.5 48-48 48H48c-26.5 0-48-21.5-48-48V195.6c0-5 5.7-7.8 9.7-4.7 22.4 17.4 52.1 39.5 154.1 113.6 21.1 15.4 56.7 47.8 92.2 47.6 35.7.3 72-32.8 92.3-47.6 102-74.1 131.6-96.3 154-113.7zM256 320c23.2.4 56.6-29.2 73.4-41.4 132.7-96.3 142.8-104.7 173.4-128.7 5.8-4.5 9.2-11.5 9.2-18.9v-19c0-26.5-21.5-48-48-48H48C21.5 64 0 85.5 0 112v19c0 7.4 3.4 14.3 9.2 18.9 30.6 23.9 40.7 32.4 173.4 128.7 16.8 12.2 50.2 41.8 73.4 41.4z\"><\/path><\/svg>\t\t\t\t<\/span>\n\t\t\t<\/div>\n\t\t\t\n\t\t\t\t\t\t<div class=\"elementor-icon-box-content\">\n\n\t\t\t\t\t\t\t\t\t<h6 class=\"elementor-icon-box-title\">\n\t\t\t\t\t\t<span  >\n\t\t\t\t\t\t\tcontact@ecolieulabernarde.com\t\t\t\t\t\t<\/span>\n\t\t\t\t\t<\/h6>\n\t\t\t\t\n\t\t\t\t\n\t\t\t<\/div>\n\t\t\t\n\t\t<\/div>\n\t\t\t\t\t\t<\/div>\n\t\t\t\t<\/div>\n\t\t\t\t<\/div>\n\t\t\t\t\t<\/div>\n\t\t\t\t<\/div>\n\t\t\t\t<div class=\"elementor-element elementor-element-3c82673 elementor-view-stacked elementor-shape-circle elementor-position-block-start elementor-mobile-position-block-start elementor-widget elementor-widget-icon-box\" data-id=\"3c82673\" data-element_type=\"widget\" data-e-type=\"widget\" data-widget_type=\"icon-box.default\">\n\t\t\t\t<div class=\"elementor-widget-container\">\n\t\t\t\t\t\t\t<div class=\"elementor-icon-box-wrapper\">\n\n\t\t\t\t\t\t<div class=\"elementor-icon-box-icon\">\n\t\t\t\t<span  class=\"elementor-icon\">\n\t\t\t\t<svg aria-hidden=\"true\" class=\"e-font-icon-svg e-fas-map-pin\" viewbox=\"0 0 288 512\" xmlns=\"http:\/\/www.w3.org\/2000\/svg\"><path d=\"M112 316.94v156.69l22.02 33.02c4.75 7.12 15.22 7.12 19.97 0L176 473.63V316.94c-10.39 1.92-21.06 3.06-32 3.06s-21.61-1.14-32-3.06zM144 0C64.47 0 0 64.47 0 144s64.47 144 144 144 144-64.47 144-144S223.53 0 144 0zm0 76c-37.5 0-68 30.5-68 68 0 6.62-5.38 12-12 12s-12-5.38-12-12c0-50.73 41.28-92 92-92 6.62 0 12 5.38 12 12s-5.38 12-12 12z\"><\/path><\/svg>\t\t\t\t<\/span>\n\t\t\t<\/div>\n\t\t\t\n\t\t\t\t\t\t<div class=\"elementor-icon-box-content\">\n\n\t\t\t\t\n\t\t\t\t\t\t\t\t\t<p class=\"elementor-icon-box-description\">\n\t\t\t\t\t\t2077 Route de Dompnac, Lieu-Dit Merle <br>\n07260 Dompnac\t\t\t\t\t<\/p>\n\t\t\t\t\n\t\t\t<\/div>\n\t\t\t\n\t\t<\/div>\n\t\t\t\t\t\t<\/div>\n\t\t\t\t<\/div>\n\t\t\t\t<div class=\"elementor-element elementor-element-3fd9858 elementor-align-center elementor-widget elementor-widget-button\" data-id=\"3fd9858\" data-element_type=\"widget\" data-e-type=\"widget\" data-widget_type=\"button.default\">\n\t\t\t\t<div class=\"elementor-widget-container\">\n\t\t\t\t\t\t\t\t\t<div class=\"elementor-button-wrapper\">\n\t\t\t\t\t<a class=\"elementor-button elementor-button-link elementor-size-xs elementor-animation-grow\" href=\"#elementor-action%3Aaction%3Dpopup%3Aopen%26settings%3DeyJpZCI6IjE4MzIiLCJ0b2dnbGUiOmZhbHNlfQ%3D%3D\">\n\t\t\t\t\t\t<span class=\"elementor-button-content-wrapper\">\n\t\t\t\t\t\t\t\t\t<span class=\"elementor-button-text\">Contact us<\/span>\n\t\t\t\t\t<\/span>\n\t\t\t\t\t<\/a>\n\t\t\t\t<\/div>\n\t\t\t\t\t\t\t\t<\/div>\n\t\t\t\t<\/div>\n\t\t\t\t<\/div>\n\t\t<div class=\"elementor-element elementor-element-e2a9abb e-con-full e-flex e-con e-child\" data-id=\"e2a9abb\" data-element_type=\"container\" data-e-type=\"container\" data-settings=\"{&quot;background_background&quot;:&quot;classic&quot;}\">\n\t\t\t\t<div class=\"elementor-element elementor-element-0e67eb4 elementor-widget elementor-widget-heading\" data-id=\"0e67eb4\" data-element_type=\"widget\" data-e-type=\"widget\" data-widget_type=\"heading.default\">\n\t\t\t\t<div class=\"elementor-widget-container\">\n\t\t\t\t\t<h2 class=\"elementor-heading-title elementor-size-default\">Useful information<\/h2>\t\t\t\t<\/div>\n\t\t\t\t<\/div>\n\t\t\t\t<div class=\"elementor-element elementor-element-b13e02b elementor-invisible elementor-widget elementor-widget-image\" data-id=\"b13e02b\" data-element_type=\"widget\" data-e-type=\"widget\" data-settings=\"{&quot;_animation&quot;:&quot;fadeInDown&quot;}\" data-widget_type=\"image.default\">\n\t\t\t\t<div class=\"elementor-widget-container\">\n\t\t\t\t\t\t\t\t\t\t\t\t\t\t\t<img decoding=\"async\" width=\"68\" height=\"63\" src=\"https:\/\/ecolieulabernarde.com\/wp-content\/uploads\/2023\/05\/fleurseule.png\" class=\"attachment-full size-full wp-image-21\" alt=\"\" \/>\t\t\t\t\t\t\t\t\t\t\t\t\t\t\t<\/div>\n\t\t\t\t<\/div>\n\t\t\t\t<div class=\"elementor-element elementor-element-6d30d1a elementor-invisible elementor-widget elementor-widget-text-editor\" data-id=\"6d30d1a\" data-element_type=\"widget\" data-e-type=\"widget\" data-settings=\"{&quot;_animation&quot;:&quot;fadeIn&quot;,&quot;_animation_delay&quot;:200}\" data-widget_type=\"text-editor.default\">\n\t\t\t\t<div class=\"elementor-widget-container\">\n\t\t\t\t\t\t\t\t\t<ul>\n<li>Ouvert toute l&rsquo;ann\u00e9e<\/li>\n<li>We do not accept pets, as we have<br>We have several cats and don't want to risk quarrels.<\/li>\n<li>We do not accept credit cards<\/li>\n<li>ch\u00e8que vacances&#8230;<\/li>\n<li>We speak English and Dutch<\/li>\n<\/ul>\t\t\t\t\t\t\t\t<\/div>\n\t\t\t\t<\/div>\n\t\t\t\t<\/div>\n\t\t\t\t\t<\/div>\n\t\t\t\t<\/div>\n\t\t<div class=\"elementor-element elementor-element-5a091c2 e-flex e-con-boxed e-con e-parent\" data-id=\"5a091c2\" data-element_type=\"container\" data-e-type=\"container\" data-settings=\"{&quot;background_background&quot;:&quot;classic&quot;}\">\n\t\t\t\t\t<div class=\"e-con-inner\">\n\t\t<div class=\"elementor-element elementor-element-5dab53c e-con-full e-flex e-con e-child\" data-id=\"5dab53c\" data-element_type=\"container\" data-e-type=\"container\" data-settings=\"{&quot;background_background&quot;:&quot;classic&quot;}\">\n\t\t\t\t<div class=\"elementor-element elementor-element-e9de43c elementor-widget elementor-widget-heading\" data-id=\"e9de43c\" data-element_type=\"widget\" data-e-type=\"widget\" data-widget_type=\"heading.default\">\n\t\t\t\t<div class=\"elementor-widget-container\">\n\t\t\t\t\t<h2 class=\"elementor-heading-title elementor-size-default\">How to find us<\/h2>\t\t\t\t<\/div>\n\t\t\t\t<\/div>\n\t\t\t\t<div class=\"elementor-element elementor-element-5c3e8fd elementor-invisible elementor-widget elementor-widget-image\" data-id=\"5c3e8fd\" data-element_type=\"widget\" data-e-type=\"widget\" data-settings=\"{&quot;_animation&quot;:&quot;fadeInDown&quot;}\" data-widget_type=\"image.default\">\n\t\t\t\t<div class=\"elementor-widget-container\">\n\t\t\t\t\t\t\t\t\t\t\t\t\t\t\t<img decoding=\"async\" width=\"68\" height=\"63\" src=\"https:\/\/ecolieulabernarde.com\/wp-content\/uploads\/2023\/05\/fleurseule.png\" class=\"attachment-full size-full wp-image-21\" alt=\"\" \/>\t\t\t\t\t\t\t\t\t\t\t\t\t\t\t<\/div>\n\t\t\t\t<\/div>\n\t\t\t\t<div class=\"elementor-element elementor-element-27c4ff9 elementor-invisible elementor-widget elementor-widget-text-editor\" data-id=\"27c4ff9\" data-element_type=\"widget\" data-e-type=\"widget\" data-settings=\"{&quot;_animation&quot;:&quot;fadeIn&quot;,&quot;_animation_delay&quot;:200}\" data-widget_type=\"text-editor.default\">\n\t\t\t\t<div class=\"elementor-widget-container\">\n\t\t\t\t\t\t\t\t\t<p>GPS coordinates: 44.552256, 4.108369<\/p>\t\t\t\t\t\t\t\t<\/div>\n\t\t\t\t<\/div>\n\t\t\t\t<div class=\"elementor-element elementor-element-ded6b3e elementor-widget elementor-widget-google_maps\" data-id=\"ded6b3e\" data-element_type=\"widget\" data-e-type=\"widget\" data-widget_type=\"google_maps.default\">\n\t\t\t\t<div class=\"elementor-widget-container\">\n\t\t\t\t\t\t\t<div class=\"elementor-custom-embed\">\n\t\t\t<iframe loading=\"lazy\"\n\t\t\t\t\tsrc=\"https:\/\/maps.google.com\/maps?q=DOMPNAC&#038;t=m&#038;z=10&#038;output=embed&#038;iwloc=near\"\n\t\t\t\t\ttitle=\"DOMPNAC\"\n\t\t\t\t\taria-label=\"DOMPNAC\"\n\t\t\t><\/iframe>\n\t\t<\/div>\n\t\t\t\t\t\t<\/div>\n\t\t\t\t<\/div>\n\t\t\t\t<\/div>\n\t\t<div class=\"elementor-element elementor-element-0de2aa7 e-con-full e-flex e-con e-child\" data-id=\"0de2aa7\" data-element_type=\"container\" data-e-type=\"container\" data-settings=\"{&quot;background_background&quot;:&quot;classic&quot;}\">\n\t\t\t\t<div class=\"elementor-element elementor-element-a9c937a elementor-widget elementor-widget-image\" data-id=\"a9c937a\" data-element_type=\"widget\" data-e-type=\"widget\" data-widget_type=\"image.default\">\n\t\t\t\t<div class=\"elementor-widget-container\">\n\t\t\t\t\t\t\t\t\t\t\t\t\t\t\t<img fetchpriority=\"high\" decoding=\"async\" width=\"750\" height=\"1000\" src=\"https:\/\/ecolieulabernarde.com\/wp-content\/uploads\/2024\/04\/Nous-sommes-ici.jpg\" class=\"attachment-large size-large wp-image-2397\" alt=\"\" srcset=\"https:\/\/ecolieulabernarde.com\/wp-content\/uploads\/2024\/04\/Nous-sommes-ici.jpg 750w, https:\/\/ecolieulabernarde.com\/wp-content\/uploads\/2024\/04\/Nous-sommes-ici-225x300.jpg 225w, https:\/\/ecolieulabernarde.com\/wp-content\/uploads\/2024\/04\/Nous-sommes-ici-9x12.jpg 9w\" sizes=\"(max-width: 750px) 100vw, 750px\" \/>\t\t\t\t\t\t\t\t\t\t\t\t\t\t\t<\/div>\n\t\t\t\t<\/div>\n\t\t\t\t<\/div>\n\t\t\t\t\t<\/div>\n\t\t\t\t<\/div>\n\t\t\t\t<\/div>","protected":false},"excerpt":{"rendered":"<p>CONTACT &#038; ACC\u00c8S Contact Pour r\u00e9server, vous pouvez nous contacter par t\u00e9l\u00e9phone, par mail ou via le formulaire de contact ci-dessous : 06 27 19 73 01 contact@ecolieulabernarde.com 2077 Route de Dompnac, Lieu-Dit Merle 07260 Dompnac Nous contacter Infos utiles Ouvert toute l&rsquo;ann\u00e9e Nos amis les animaux ne sont pas accept\u00e9s, car nous avonsplusieurs chats [&hellip;]<\/p>\n","protected":false},"author":1,"featured_media":0,"parent":0,"menu_order":0,"comment_status":"closed","ping_status":"closed","template":"","meta":{"footnotes":""},"class_list":["post-1212","page","type-page","status-publish","hentry"],"yoast_head":"<!-- This site is optimized with the Yoast SEO plugin v27.4 - https:\/\/yoast.com\/product\/yoast-seo-wordpress\/ -->\n<title>Contact &amp; acc\u00e8s - \u00c9colieu La Bernarde<\/title>\n<meta name=\"robots\" content=\"index, follow, max-snippet:-1, max-image-preview:large, max-video-preview:-1\" \/>\n<link rel=\"canonical\" href=\"https:\/\/ecolieulabernarde.com\/en\/nous-contacter\/\" \/>\n<meta property=\"og:locale\" content=\"en_GB\" \/>\n<meta property=\"og:type\" content=\"article\" \/>\n<meta property=\"og:title\" content=\"Contact &amp; acc\u00e8s - \u00c9colieu La Bernarde\" \/>\n<meta property=\"og:description\" content=\"CONTACT &#038; ACC\u00c8S Contact Pour r\u00e9server, vous pouvez nous contacter par t\u00e9l\u00e9phone, par mail ou via le formulaire de contact ci-dessous : 06 27 19 73 01 contact@ecolieulabernarde.com 2077 Route de Dompnac, Lieu-Dit Merle 07260 Dompnac Nous contacter Infos utiles Ouvert toute l&rsquo;ann\u00e9e Nos amis les animaux ne sont pas accept\u00e9s, car nous avonsplusieurs chats [&hellip;]\" \/>\n<meta property=\"og:url\" content=\"https:\/\/ecolieulabernarde.com\/en\/nous-contacter\/\" \/>\n<meta property=\"og:site_name\" content=\"\u00c9colieu La Bernarde\" \/>\n<meta property=\"article:modified_time\" content=\"2024-04-13T12:53:34+00:00\" \/>\n<meta property=\"og:image\" content=\"http:\/\/ecolieulabernarde.com\/wp-content\/uploads\/2023\/05\/fleurseule.png\" \/>\n<meta name=\"twitter:card\" content=\"summary_large_image\" \/>\n<meta name=\"twitter:label1\" content=\"Estimated reading time\" \/>\n\t<meta name=\"twitter:data1\" content=\"7 minutes\" \/>\n<script type=\"application\/ld+json\" class=\"yoast-schema-graph\">{\"@context\":\"https:\\\/\\\/schema.org\",\"@graph\":[{\"@type\":\"WebPage\",\"@id\":\"https:\\\/\\\/ecolieulabernarde.com\\\/nous-contacter\\\/\",\"url\":\"https:\\\/\\\/ecolieulabernarde.com\\\/nous-contacter\\\/\",\"name\":\"Contact & acc\u00e8s - \u00c9colieu La Bernarde\",\"isPartOf\":{\"@id\":\"https:\\\/\\\/ecolieulabernarde.com\\\/#website\"},\"primaryImageOfPage\":{\"@id\":\"https:\\\/\\\/ecolieulabernarde.com\\\/nous-contacter\\\/#primaryimage\"},\"image\":{\"@id\":\"https:\\\/\\\/ecolieulabernarde.com\\\/nous-contacter\\\/#primaryimage\"},\"thumbnailUrl\":\"http:\\\/\\\/ecolieulabernarde.com\\\/wp-content\\\/uploads\\\/2023\\\/05\\\/fleurseule.png\",\"datePublished\":\"2023-05-22T15:05:04+00:00\",\"dateModified\":\"2024-04-13T12:53:34+00:00\",\"breadcrumb\":{\"@id\":\"https:\\\/\\\/ecolieulabernarde.com\\\/nous-contacter\\\/#breadcrumb\"},\"inLanguage\":\"en-GB\",\"potentialAction\":[{\"@type\":\"ReadAction\",\"target\":[\"https:\\\/\\\/ecolieulabernarde.com\\\/nous-contacter\\\/\"]}]},{\"@type\":\"ImageObject\",\"inLanguage\":\"en-GB\",\"@id\":\"https:\\\/\\\/ecolieulabernarde.com\\\/nous-contacter\\\/#primaryimage\",\"url\":\"http:\\\/\\\/ecolieulabernarde.com\\\/wp-content\\\/uploads\\\/2023\\\/05\\\/fleurseule.png\",\"contentUrl\":\"http:\\\/\\\/ecolieulabernarde.com\\\/wp-content\\\/uploads\\\/2023\\\/05\\\/fleurseule.png\"},{\"@type\":\"BreadcrumbList\",\"@id\":\"https:\\\/\\\/ecolieulabernarde.com\\\/nous-contacter\\\/#breadcrumb\",\"itemListElement\":[{\"@type\":\"ListItem\",\"position\":1,\"name\":\"Accueil\",\"item\":\"https:\\\/\\\/ecolieulabernarde.com\\\/\"},{\"@type\":\"ListItem\",\"position\":2,\"name\":\"Contact &#038; acc\u00e8s\"}]},{\"@type\":\"WebSite\",\"@id\":\"https:\\\/\\\/ecolieulabernarde.com\\\/#website\",\"url\":\"https:\\\/\\\/ecolieulabernarde.com\\\/\",\"name\":\"\u00c9colieu La Bernarde\",\"description\":\"\",\"publisher\":{\"@id\":\"https:\\\/\\\/ecolieulabernarde.com\\\/#organization\"},\"potentialAction\":[{\"@type\":\"SearchAction\",\"target\":{\"@type\":\"EntryPoint\",\"urlTemplate\":\"https:\\\/\\\/ecolieulabernarde.com\\\/?s={search_term_string}\"},\"query-input\":{\"@type\":\"PropertyValueSpecification\",\"valueRequired\":true,\"valueName\":\"search_term_string\"}}],\"inLanguage\":\"en-GB\"},{\"@type\":\"Organization\",\"@id\":\"https:\\\/\\\/ecolieulabernarde.com\\\/#organization\",\"name\":\"\u00c9colieu La Bernarde\",\"url\":\"https:\\\/\\\/ecolieulabernarde.com\\\/\",\"logo\":{\"@type\":\"ImageObject\",\"inLanguage\":\"en-GB\",\"@id\":\"https:\\\/\\\/ecolieulabernarde.com\\\/#\\\/schema\\\/logo\\\/image\\\/\",\"url\":\"https:\\\/\\\/ecolieulabernarde.com\\\/wp-content\\\/uploads\\\/2023\\\/05\\\/LogoLabernarde.png\",\"contentUrl\":\"https:\\\/\\\/ecolieulabernarde.com\\\/wp-content\\\/uploads\\\/2023\\\/05\\\/LogoLabernarde.png\",\"width\":700,\"height\":700,\"caption\":\"\u00c9colieu La Bernarde\"},\"image\":{\"@id\":\"https:\\\/\\\/ecolieulabernarde.com\\\/#\\\/schema\\\/logo\\\/image\\\/\"}}]}<\/script>\n<!-- \/ Yoast SEO plugin. -->","yoast_head_json":{"title":"Contact & acc\u00e8s - \u00c9colieu La Bernarde","robots":{"index":"index","follow":"follow","max-snippet":"max-snippet:-1","max-image-preview":"max-image-preview:large","max-video-preview":"max-video-preview:-1"},"canonical":"https:\/\/ecolieulabernarde.com\/en\/nous-contacter\/","og_locale":"en_GB","og_type":"article","og_title":"Contact & acc\u00e8s - \u00c9colieu La Bernarde","og_description":"CONTACT &#038; ACC\u00c8S Contact Pour r\u00e9server, vous pouvez nous contacter par t\u00e9l\u00e9phone, par mail ou via le formulaire de contact ci-dessous : 06 27 19 73 01 contact@ecolieulabernarde.com 2077 Route de Dompnac, Lieu-Dit Merle 07260 Dompnac Nous contacter Infos utiles Ouvert toute l&rsquo;ann\u00e9e Nos amis les animaux ne sont pas accept\u00e9s, car nous avonsplusieurs chats [&hellip;]","og_url":"https:\/\/ecolieulabernarde.com\/en\/nous-contacter\/","og_site_name":"\u00c9colieu La Bernarde","article_modified_time":"2024-04-13T12:53:34+00:00","og_image":[{"url":"http:\/\/ecolieulabernarde.com\/wp-content\/uploads\/2023\/05\/fleurseule.png","type":"","width":"","height":""}],"twitter_card":"summary_large_image","twitter_misc":{"Estimated reading time":"7 minutes"},"schema":{"@context":"https:\/\/schema.org","@graph":[{"@type":"WebPage","@id":"https:\/\/ecolieulabernarde.com\/nous-contacter\/","url":"https:\/\/ecolieulabernarde.com\/nous-contacter\/","name":"Contact & acc\u00e8s - \u00c9colieu La Bernarde","isPartOf":{"@id":"https:\/\/ecolieulabernarde.com\/#website"},"primaryImageOfPage":{"@id":"https:\/\/ecolieulabernarde.com\/nous-contacter\/#primaryimage"},"image":{"@id":"https:\/\/ecolieulabernarde.com\/nous-contacter\/#primaryimage"},"thumbnailUrl":"http:\/\/ecolieulabernarde.com\/wp-content\/uploads\/2023\/05\/fleurseule.png","datePublished":"2023-05-22T15:05:04+00:00","dateModified":"2024-04-13T12:53:34+00:00","breadcrumb":{"@id":"https:\/\/ecolieulabernarde.com\/nous-contacter\/#breadcrumb"},"inLanguage":"en-GB","potentialAction":[{"@type":"ReadAction","target":["https:\/\/ecolieulabernarde.com\/nous-contacter\/"]}]},{"@type":"ImageObject","inLanguage":"en-GB","@id":"https:\/\/ecolieulabernarde.com\/nous-contacter\/#primaryimage","url":"http:\/\/ecolieulabernarde.com\/wp-content\/uploads\/2023\/05\/fleurseule.png","contentUrl":"http:\/\/ecolieulabernarde.com\/wp-content\/uploads\/2023\/05\/fleurseule.png"},{"@type":"BreadcrumbList","@id":"https:\/\/ecolieulabernarde.com\/nous-contacter\/#breadcrumb","itemListElement":[{"@type":"ListItem","position":1,"name":"Accueil","item":"https:\/\/ecolieulabernarde.com\/"},{"@type":"ListItem","position":2,"name":"Contact &#038; acc\u00e8s"}]},{"@type":"WebSite","@id":"https:\/\/ecolieulabernarde.com\/#website","url":"https:\/\/ecolieulabernarde.com\/","name":"\u00c9colieu La Bernarde","description":"","publisher":{"@id":"https:\/\/ecolieulabernarde.com\/#organization"},"potentialAction":[{"@type":"SearchAction","target":{"@type":"EntryPoint","urlTemplate":"https:\/\/ecolieulabernarde.com\/?s={search_term_string}"},"query-input":{"@type":"PropertyValueSpecification","valueRequired":true,"valueName":"search_term_string"}}],"inLanguage":"en-GB"},{"@type":"Organization","@id":"https:\/\/ecolieulabernarde.com\/#organization","name":"\u00c9colieu La Bernarde","url":"https:\/\/ecolieulabernarde.com\/","logo":{"@type":"ImageObject","inLanguage":"en-GB","@id":"https:\/\/ecolieulabernarde.com\/#\/schema\/logo\/image\/","url":"https:\/\/ecolieulabernarde.com\/wp-content\/uploads\/2023\/05\/LogoLabernarde.png","contentUrl":"https:\/\/ecolieulabernarde.com\/wp-content\/uploads\/2023\/05\/LogoLabernarde.png","width":700,"height":700,"caption":"\u00c9colieu La Bernarde"},"image":{"@id":"https:\/\/ecolieulabernarde.com\/#\/schema\/logo\/image\/"}}]}},"_links":{"self":[{"href":"https:\/\/ecolieulabernarde.com\/en\/wp-json\/wp\/v2\/pages\/1212","targetHints":{"allow":["GET"]}}],"collection":[{"href":"https:\/\/ecolieulabernarde.com\/en\/wp-json\/wp\/v2\/pages"}],"about":[{"href":"https:\/\/ecolieulabernarde.com\/en\/wp-json\/wp\/v2\/types\/page"}],"author":[{"embeddable":true,"href":"https:\/\/ecolieulabernarde.com\/en\/wp-json\/wp\/v2\/users\/1"}],"replies":[{"embeddable":true,"href":"https:\/\/ecolieulabernarde.com\/en\/wp-json\/wp\/v2\/comments?post=1212"}],"version-history":[{"count":5,"href":"https:\/\/ecolieulabernarde.com\/en\/wp-json\/wp\/v2\/pages\/1212\/revisions"}],"predecessor-version":[{"id":2474,"href":"https:\/\/ecolieulabernarde.com\/en\/wp-json\/wp\/v2\/pages\/1212\/revisions\/2474"}],"wp:attachment":[{"href":"https:\/\/ecolieulabernarde.com\/en\/wp-json\/wp\/v2\/media?parent=1212"}],"curies":[{"name":"wp","href":"https:\/\/api.w.org\/{rel}","templated":true}]}}